{"id":2,"date":"2022-08-22T15:59:58","date_gmt":"2022-08-22T15:59:58","guid":{"rendered":"http:\/\/bozdagsuaritma.com\/?page_id=2"},"modified":"2023-04-06T15:24:44","modified_gmt":"2023-04-06T15:24:44","slug":"hakkimizda-2","status":"publish","type":"page","link":"https:\/\/bozdagsuaritma.com\/index.php\/hakkimizda-2\/","title":{"rendered":"Hakk\u0131m\u0131zda"},"content":{"rendered":"\n<h2 class=\"wp-block-heading\">Bozda\u011f Su Ar\u0131tma Sistemleri<\/h2>\n\n\n\n<p>      Bozda\u011f Su Ar\u0131tma Sistemleri olarak, suyun hayat\u0131m\u0131zdaki \u00f6nemini biliyor ve sizlere en kaliteli ve g\u00fcvenilir su ar\u0131tma cihazlar\u0131n\u0131 sunuyoruz. 27 y\u0131ld\u0131r bu sekt\u00f6rde faaliyet g\u00f6steren ustam\u0131z, m\u00fc\u015fteri memnuniyetini \u00f6ncelikli hedefi olarak belirlemi\u015f ve bu do\u011frultuda \u00e7al\u0131\u015fmalar\u0131n\u0131 s\u00fcrd\u00fcrm\u00fc\u015ft\u00fcr. Firmam\u0131z\u0131n sundu\u011fu su ar\u0131tma cihazlar\u0131, en son teknolojiye sahip olup, TSE ve CE belgelerine sahiptir. Ayr\u0131ca, firmam\u0131z 2 y\u0131l garanti vermektedir. Su ar\u0131tma cihazlar\u0131m\u0131z, evlerinizde, i\u015f yerlerinizde ve end\u00fcstriyel alanlarda kullanabilece\u011finiz \u00e7e\u015fitli modellerden olu\u015fmaktad\u0131r. Her marka cihaza bak\u0131m ve servis hizmetlerimiz bulunmaktad\u0131r. Su ar\u0131tma cihazlar\u0131m\u0131z sayesinde, sa\u011fl\u0131kl\u0131 ve lezzetli suya kavu\u015fabilir, su faturalar\u0131n\u0131z\u0131 d\u00fc\u015f\u00fcrebilir ve \u00e7evreye katk\u0131da bulunabilirsiniz. Siz de su ar\u0131tma cihazlar\u0131m\u0131z hakk\u0131nda daha fazla bilgi almak veya sipari\u015f vermek i\u00e7in bizimle ileti\u015fime ge\u00e7ebilirsiniz. Bozda\u011f Su Ar\u0131tma Sistemleri olarak, sizlere daha iyi hizmet verebilmek i\u00e7in \u00e7al\u0131\u015fmaya devam edece\u011fiz.<\/p>\n\n\n\n<figure class=\"wp-block-image size-large\"><img loading=\"lazy\" decoding=\"async\" width=\"1024\" height=\"358\" src=\"http:\/\/bozdagsuaritma.com\/wp-content\/uploads\/2023\/04\/Nejat-Bozdag-Bozdag-Su-Aritma.pdf-1024x358.jpg\" alt=\"\" class=\"wp-image-147\" srcset=\"https:\/\/bozdagsuaritma.com\/wp-content\/uploads\/2023\/04\/Nejat-Bozdag-Bozdag-Su-Aritma.pdf-1024x358.jpg 1024w, https:\/\/bozdagsuaritma.com\/wp-content\/uploads\/2023\/04\/Nejat-Bozdag-Bozdag-Su-Aritma.pdf-300x105.jpg 300w, https:\/\/bozdagsuaritma.com\/wp-content\/uploads\/2023\/04\/Nejat-Bozdag-Bozdag-Su-Aritma.pdf-768x268.jpg 768w, https:\/\/bozdagsuaritma.com\/wp-content\/uploads\/2023\/04\/Nejat-Bozdag-Bozdag-Su-Aritma.pdf-600x210.jpg 600w, https:\/\/bozdagsuaritma.com\/wp-content\/uploads\/2023\/04\/Nejat-Bozdag-Bozdag-Su-Aritma.pdf.jpg 1179w\" sizes=\"auto, (max-width: 1024px) 100vw, 1024px\" \/><\/figure>\n\n\n\n<p><\/p>\n\n\n\n<p><\/p>\n","protected":false},"excerpt":{"rendered":"<p>Bozda\u011f Su Ar\u0131tma Sistemleri Bozda\u011f Su Ar\u0131tma Sistemleri olarak, suyun hayat\u0131m\u0131zdaki \u00f6nemini biliyor ve sizlere en kaliteli ve g\u00fcvenilir su ar\u0131tma cihazlar\u0131n\u0131 sunuyoruz. 27 y\u0131ld\u0131r bu sekt\u00f6rde faaliyet g\u00f6steren ustam\u0131z, m\u00fc\u015fteri memnuniyetini \u00f6ncelikli hedefi olarak belirlemi\u015f ve bu do\u011frultuda \u00e7al\u0131\u015fmalar\u0131n\u0131 s\u00fcrd\u00fcrm\u00fc\u015ft\u00fcr. Firmam\u0131z\u0131n sundu\u011fu su ar\u0131tma cihazlar\u0131, en son teknolojiye sahip olup, TSE ve CE belgelerine [&hellip;]<\/p>\n","protected":false},"author":1,"featured_media":0,"parent":0,"menu_order":0,"comment_status":"closed","ping_status":"open","template":"","meta":{"two_page_speed":[],"footnotes":""},"class_list":["post-2","page","type-page","status-publish","hentry"],"_links":{"self":[{"href":"https:\/\/bozdagsuaritma.com\/index.php\/wp-json\/wp\/v2\/pages\/2","targetHints":{"allow":["GET"]}}],"collection":[{"href":"https:\/\/bozdagsuaritma.com\/index.php\/wp-json\/wp\/v2\/pages"}],"about":[{"href":"https:\/\/bozdagsuaritma.com\/index.php\/wp-json\/wp\/v2\/types\/page"}],"author":[{"embeddable":true,"href":"https:\/\/bozdagsuaritma.com\/index.php\/wp-json\/wp\/v2\/users\/1"}],"replies":[{"embeddable":true,"href":"https:\/\/bozdagsuaritma.com\/index.php\/wp-json\/wp\/v2\/comments?post=2"}],"version-history":[{"count":3,"href":"https:\/\/bozdagsuaritma.com\/index.php\/wp-json\/wp\/v2\/pages\/2\/revisions"}],"predecessor-version":[{"id":148,"href":"https:\/\/bozdagsuaritma.com\/index.php\/wp-json\/wp\/v2\/pages\/2\/revisions\/148"}],"wp:attachment":[{"href":"https:\/\/bozdagsuaritma.com\/index.php\/wp-json\/wp\/v2\/media?parent=2"}],"curies":[{"name":"wp","href":"https:\/\/api.w.org\/{rel}","templated":true}]}}